{"id":1341,"date":"2023-07-29T08:38:10","date_gmt":"2023-07-29T08:38:10","guid":{"rendered":"https:\/\/beliva.se\/?page_id=1341"},"modified":"2024-06-14T09:08:39","modified_gmt":"2024-06-14T09:08:39","slug":"par","status":"publish","type":"page","link":"https:\/\/beliva.se\/en\/lillemor-ivansson\/par\/","title":{"rendered":"Couples"},"content":{"rendered":"<div data-elementor-type=\"wp-page\" data-elementor-id=\"1341\" class=\"elementor elementor-1341\" data-elementor-post-type=\"page\">\n\t\t\t\t\t\t<section class=\"elementor-section elementor-top-section elementor-element elementor-element-1d0ce830 elementor-section-full_width elementor-section-height-min-height elementor-section-items-stretch elementor-section-content-bottom elementor-section-height-default\" data-id=\"1d0ce830\" data-element_type=\"section\" data-e-type=\"section\">\n\t\t\t\t\t\t<div class=\"elementor-container elementor-column-gap-no\">\n\t\t\t\t\t<div class=\"elementor-column elementor-col-100 elementor-top-column elementor-element elementor-element-3e7057e7\" data-id=\"3e7057e7\" data-element_type=\"column\" data-e-type=\"column\" data-settings=\"{&quot;background_background&quot;:&quot;classic&quot;}\">\n\t\t\t<div class=\"elementor-widget-wrap elementor-element-populated\">\n\t\t\t\t\t\t<div class=\"elementor-element elementor-element-180d6d7a elementor-widget elementor-widget-heading\" data-id=\"180d6d7a\" data-element_type=\"widget\" data-e-type=\"widget\" data-widget_type=\"heading.default\">\n\t\t\t\t<div class=\"elementor-widget-container\">\n\t\t\t\t\t<h2 class=\"elementor-heading-title elementor-size-default\">Couples<\/h2>\t\t\t\t<\/div>\n\t\t\t\t<\/div>\n\t\t\t\t<div class=\"elementor-element elementor-element-592062 elementor-hidden-desktop elementor-view-default elementor-widget elementor-widget-icon\" data-id=\"592062\" data-element_type=\"widget\" data-e-type=\"widget\" data-widget_type=\"icon.default\">\n\t\t\t\t<div class=\"elementor-widget-container\">\n\t\t\t\t\t\t\t<div class=\"elementor-icon-wrapper\">\n\t\t\t<a class=\"elementor-icon\" href=\"#elementor-action%3Aaction%3Dpopup%3Aopen%26settings%3DeyJpZCI6IjE3NDEiLCJ0b2dnbGUiOmZhbHNlfQ%3D%3D\">\n\t\t\t<i aria-hidden=\"true\" class=\"icon icon-burger-menu\"><\/i>\t\t\t<\/a>\n\t\t<\/div>\n\t\t\t\t\t\t<\/div>\n\t\t\t\t<\/div>\n\t\t\t\t<div class=\"elementor-element elementor-element-6f891e3f elementor-nav-menu__align-center elementor-hidden-tablet elementor-hidden-mobile elementor-nav-menu--dropdown-tablet elementor-nav-menu__text-align-aside elementor-nav-menu--toggle elementor-nav-menu--burger elementor-widget elementor-widget-nav-menu\" data-id=\"6f891e3f\" data-element_type=\"widget\" data-e-type=\"widget\" data-settings=\"{&quot;layout&quot;:&quot;horizontal&quot;,&quot;submenu_icon&quot;:{&quot;value&quot;:&quot;&lt;i class=\\&quot;fas fa-caret-down\\&quot; aria-hidden=\\&quot;true\\&quot;&gt;&lt;\\\/i&gt;&quot;,&quot;library&quot;:&quot;fa-solid&quot;},&quot;toggle&quot;:&quot;burger&quot;}\" data-widget_type=\"nav-menu.default\">\n\t\t\t\t<div class=\"elementor-widget-container\">\n\t\t\t\t\t\t\t\t<nav aria-label=\"Menu\" class=\"elementor-nav-menu--main elementor-nav-menu__container elementor-nav-menu--layout-horizontal e--pointer-underline e--animation-fade\">\n\t\t\t\t<ul id=\"menu-1-6f891e3f\" class=\"elementor-nav-menu\"><li class=\"menu-item menu-item-type-post_type menu-item-object-page menu-item-1367\"><a href=\"https:\/\/beliva.se\/en\/lillemor-ivansson\/\" class=\"elementor-item\">About me<\/a><\/li>\n<li class=\"menu-item menu-item-type-custom menu-item-object-custom menu-item-has-children menu-item-1368\"><a href=\"#\" class=\"elementor-item elementor-item-anchor\">Services<\/a>\n<ul class=\"sub-menu elementor-nav-menu--dropdown\">\n\t<li class=\"menu-item menu-item-type-post_type menu-item-object-page menu-item-1366\"><a href=\"https:\/\/beliva.se\/en\/lillemor-ivansson\/enskilda-samtal\/\" class=\"elementor-sub-item\">Individual counseling<\/a><\/li>\n\t<li class=\"menu-item menu-item-type-post_type menu-item-object-page menu-item-1365\"><a href=\"https:\/\/beliva.se\/en\/lillemor-ivansson\/par\/\" class=\"elementor-sub-item\">Couples<\/a><\/li>\n<\/ul>\n<\/li>\n<li class=\"menu-item menu-item-type-post_type menu-item-object-page menu-item-1364\"><a href=\"https:\/\/beliva.se\/en\/lillemor-ivansson\/om-coaching\/\" class=\"elementor-item\">About coaching<\/a><\/li>\n<li class=\"menu-item menu-item-type-post_type menu-item-object-page menu-item-1363\"><a href=\"https:\/\/beliva.se\/en\/lillemor-ivansson\/nar-passar-cocahing\/\" class=\"elementor-item\">When is coaching appropriate?<\/a><\/li>\n<\/ul>\t\t\t<\/nav>\n\t\t\t\t\t<div class=\"elementor-menu-toggle\" role=\"button\" tabindex=\"0\" aria-label=\"Menu Toggle\" aria-expanded=\"false\">\n\t\t\t<i aria-hidden=\"true\" role=\"presentation\" class=\"elementor-menu-toggle__icon--open eicon-menu-bar\"><\/i><i aria-hidden=\"true\" role=\"presentation\" class=\"elementor-menu-toggle__icon--close eicon-close\"><\/i>\t\t<\/div>\n\t\t\t\t\t<nav class=\"elementor-nav-menu--dropdown elementor-nav-menu__container\" aria-hidden=\"true\">\n\t\t\t\t<ul id=\"menu-2-6f891e3f\" class=\"elementor-nav-menu\"><li class=\"menu-item menu-item-type-post_type menu-item-object-page menu-item-1367\"><a href=\"https:\/\/beliva.se\/en\/lillemor-ivansson\/\" class=\"elementor-item\" tabindex=\"-1\">About me<\/a><\/li>\n<li class=\"menu-item menu-item-type-custom menu-item-object-custom menu-item-has-children menu-item-1368\"><a href=\"#\" class=\"elementor-item elementor-item-anchor\" tabindex=\"-1\">Services<\/a>\n<ul class=\"sub-menu elementor-nav-menu--dropdown\">\n\t<li class=\"menu-item menu-item-type-post_type menu-item-object-page menu-item-1366\"><a href=\"https:\/\/beliva.se\/en\/lillemor-ivansson\/enskilda-samtal\/\" class=\"elementor-sub-item\" tabindex=\"-1\">Individual counseling<\/a><\/li>\n\t<li class=\"menu-item menu-item-type-post_type menu-item-object-page menu-item-1365\"><a href=\"https:\/\/beliva.se\/en\/lillemor-ivansson\/par\/\" class=\"elementor-sub-item\" tabindex=\"-1\">Couples<\/a><\/li>\n<\/ul>\n<\/li>\n<li class=\"menu-item menu-item-type-post_type menu-item-object-page menu-item-1364\"><a href=\"https:\/\/beliva.se\/en\/lillemor-ivansson\/om-coaching\/\" class=\"elementor-item\" tabindex=\"-1\">About coaching<\/a><\/li>\n<li class=\"menu-item menu-item-type-post_type menu-item-object-page menu-item-1363\"><a href=\"https:\/\/beliva.se\/en\/lillemor-ivansson\/nar-passar-cocahing\/\" class=\"elementor-item\" tabindex=\"-1\">When is coaching appropriate?<\/a><\/li>\n<\/ul>\t\t\t<\/nav>\n\t\t\t\t\t\t<\/div>\n\t\t\t\t<\/div>\n\t\t\t\t\t<\/div>\n\t\t<\/div>\n\t\t\t\t\t<\/div>\n\t\t<\/section>\n\t\t\t\t<section class=\"elementor-section elementor-top-section elementor-element elementor-element-1191a592 elementor-section-boxed elementor-section-height-default elementor-section-height-default elementor-invisible\" data-id=\"1191a592\" data-element_type=\"section\" data-e-type=\"section\" data-settings=\"{&quot;animation&quot;:&quot;fadeInUp&quot;}\">\n\t\t\t\t\t\t<div class=\"elementor-container elementor-column-gap-default\">\n\t\t\t\t\t<div class=\"elementor-column elementor-col-100 elementor-top-column elementor-element elementor-element-5a65eb41\" data-id=\"5a65eb41\" data-element_type=\"column\" data-e-type=\"column\">\n\t\t\t<div class=\"elementor-widget-wrap elementor-element-populated\">\n\t\t\t\t\t\t<div class=\"elementor-element elementor-element-156c0716 elementor-widget elementor-widget-heading\" data-id=\"156c0716\" data-element_type=\"widget\" data-e-type=\"widget\" data-widget_type=\"heading.default\">\n\t\t\t\t<div class=\"elementor-widget-container\">\n\t\t\t\t\t<h2 class=\"elementor-heading-title elementor-size-default\">Utmaningar i parrelationer<\/h2>\t\t\t\t<\/div>\n\t\t\t\t<\/div>\n\t\t\t\t<div class=\"elementor-element elementor-element-69b11d5c elementor-widget elementor-widget-text-editor\" data-id=\"69b11d5c\" data-element_type=\"widget\" data-e-type=\"widget\" data-widget_type=\"text-editor.default\">\n\t\t\t\t<div class=\"elementor-widget-container\">\n\t\t\t\t\t\t\t\t\t<p>Relationer \u00e4r det viktigaste och sv\u00e5raste som finns. Att tv\u00e5 personer med olika bakgrunder och olika personligheter ska dela livet och komma \u00f6verens, \u00e4r b\u00e5de en stor gl\u00e4dje och en utmaning.<br \/>Ibland kan det beh\u00f6vas en tredje part som kan se med nya \u00f6gon och h\u00f6ra med nya \u00f6ron,<br \/>p\u00e5 hinder eller problem som uppkommit.\u00a0<\/p>\t\t\t\t\t\t\t\t<\/div>\n\t\t\t\t<\/div>\n\t\t\t\t<div class=\"elementor-element elementor-element-88dc31c elementor-widget elementor-widget-text-editor\" data-id=\"88dc31c\" data-element_type=\"widget\" data-e-type=\"widget\" data-widget_type=\"text-editor.default\">\n\t\t\t\t<div class=\"elementor-widget-container\">\n\t\t\t\t\t\t\t\t\t<p><strong>Coachande samtal f\u00f6r par kan vara en hj\u00e4lp i situationer som:<\/strong><\/p>\t\t\t\t\t\t\t\t<\/div>\n\t\t\t\t<\/div>\n\t\t\t\t<div class=\"elementor-element elementor-element-c04edf1 elementor-icon-list--layout-traditional elementor-list-item-link-full_width elementor-widget elementor-widget-icon-list\" data-id=\"c04edf1\" data-element_type=\"widget\" data-e-type=\"widget\" data-widget_type=\"icon-list.default\">\n\t\t\t\t<div class=\"elementor-widget-container\">\n\t\t\t\t\t\t\t<ul class=\"elementor-icon-list-items\">\n\t\t\t\t\t\t\t<li class=\"elementor-icon-list-item\">\n\t\t\t\t\t\t\t\t\t\t\t<span class=\"elementor-icon-list-icon\">\n\t\t\t\t\t\t\t<i aria-hidden=\"true\" class=\"far fa-circle\"><\/i>\t\t\t\t\t\t<\/span>\n\t\t\t\t\t\t\t\t\t\t<span class=\"elementor-icon-list-text\">Vi har sv\u00e5rt att prata med varandra<\/span>\n\t\t\t\t\t\t\t\t\t<\/li>\n\t\t\t\t\t\t\t\t<li class=\"elementor-icon-list-item\">\n\t\t\t\t\t\t\t\t\t\t\t<span class=\"elementor-icon-list-icon\">\n\t\t\t\t\t\t\t<i aria-hidden=\"true\" class=\"far fa-circle\"><\/i>\t\t\t\t\t\t<\/span>\n\t\t\t\t\t\t\t\t\t\t<span class=\"elementor-icon-list-text\">Vi ser olika p\u00e5 ansvarsf\u00f6rdelningen i hemmet<\/span>\n\t\t\t\t\t\t\t\t\t<\/li>\n\t\t\t\t\t\t\t\t<li class=\"elementor-icon-list-item\">\n\t\t\t\t\t\t\t\t\t\t\t<span class=\"elementor-icon-list-icon\">\n\t\t\t\t\t\t\t<i aria-hidden=\"true\" class=\"far fa-circle\"><\/i>\t\t\t\t\t\t<\/span>\n\t\t\t\t\t\t\t\t\t\t<span class=\"elementor-icon-list-text\">Vi har inte samsyn kring v\u00e5r ekonomi<\/span>\n\t\t\t\t\t\t\t\t\t<\/li>\n\t\t\t\t\t\t\t\t<li class=\"elementor-icon-list-item\">\n\t\t\t\t\t\t\t\t\t\t\t<span class=\"elementor-icon-list-icon\">\n\t\t\t\t\t\t\t<i aria-hidden=\"true\" class=\"far fa-circle\"><\/i>\t\t\t\t\t\t<\/span>\n\t\t\t\t\t\t\t\t\t\t<span class=\"elementor-icon-list-text\">Hur hittar vi tillbaka till varandra?<\/span>\n\t\t\t\t\t\t\t\t\t<\/li>\n\t\t\t\t\t\t\t\t<li class=\"elementor-icon-list-item\">\n\t\t\t\t\t\t\t\t\t\t\t<span class=\"elementor-icon-list-icon\">\n\t\t\t\t\t\t\t<i aria-hidden=\"true\" class=\"far fa-circle\"><\/i>\t\t\t\t\t\t<\/span>\n\t\t\t\t\t\t\t\t\t\t<span class=\"elementor-icon-list-text\">Vi ser olika p\u00e5 fostran av barnen<\/span>\n\t\t\t\t\t\t\t\t\t<\/li>\n\t\t\t\t\t\t<\/ul>\n\t\t\t\t\t\t<\/div>\n\t\t\t\t<\/div>\n\t\t\t\t<div class=\"elementor-element elementor-element-a1d5172 elementor-widget elementor-widget-text-editor\" data-id=\"a1d5172\" data-element_type=\"widget\" data-e-type=\"widget\" data-widget_type=\"text-editor.default\">\n\t\t\t\t<div class=\"elementor-widget-container\">\n\t\t\t\t\t\t\t\t\t<p><strong><br \/>S\u00e5 l\u00e4gger vi upp det<\/strong><br \/>Vi tr\u00e4ffas en f\u00f6rsta g\u00e5ng, ni ber\u00e4ttar hur ni tv\u00e5 ser p\u00e5 l\u00e4get som ni befinner er i.<br \/>Jag st\u00e4ller fr\u00e5gor f\u00f6r att f\u00f6rst\u00e5 och ber\u00e4ttar lite om ett t\u00e4nkbart uppl\u00e4gg.<br \/>Om ni tycker att det verkar intressant och \u00e4r villiga att arbeta p\u00e5 relationen,<br \/>s\u00e5 bokar vi in fyra nya tr\u00e4ffar, och d\u00e5 b\u00f6rjar v\u00e5r resa tillsammans.<br \/>Om vi p\u00e5 grund av avst\u00e5nd eller n\u00e5gon annan anledning inte kan ses p\u00e5 samma plats,<br \/>s\u00e5 g\u00e5r det bra att ha samtalen digitalt.<br \/><br \/><strong>Investering l\u00f6nar sig<\/strong><br \/>Att investera i sin relation kan visa sig vara n\u00e5got av det viktigaste, f\u00f6r det p\u00e5verkar s\u00e5 mycket av tillvaron.\u00a0\u00a0Min erfarenhet \u00e4r att med r\u00e4tt verktyg och ett gemensamt m\u00e5l, n\u00e5r man v\u00e4ldigt l\u00e5ngt.\u00a0<br \/>Ni b\u00e4r sj\u00e4lva p\u00e5 svaren ni beh\u00f6ver och jag vill g\u00e4rna hj\u00e4lpa er att hitta dem och se m\u00f6jligheter och \u00f6ppningar d\u00e4r det nu k\u00e4nns st\u00e4ngt.<br \/><br \/><strong>\u00c4r ni beredda att investera i er relation?<\/strong>\u00a0V\u00e4lkommen att ta kontakt!<\/p>\t\t\t\t\t\t\t\t<\/div>\n\t\t\t\t<\/div>\n\t\t\t\t<div class=\"elementor-element elementor-element-6a3ce5f elementor-blockquote--skin-quotation elementor-widget elementor-widget-blockquote\" data-id=\"6a3ce5f\" data-element_type=\"widget\" data-e-type=\"widget\" data-widget_type=\"blockquote.default\">\n\t\t\t\t<div class=\"elementor-widget-container\">\n\t\t\t\t\t\t\t<blockquote class=\"elementor-blockquote\">\n\t\t\t<p class=\"elementor-blockquote__content\">\n\t\t\t\tFr\u00e5gorna vi fick gjorde att vi hittade nya v\u00e4gar att n\u00e5 fram till varandra igen \t\t\t<\/p>\n\t\t\t\t\t<\/blockquote>\n\t\t\t\t\t\t<\/div>\n\t\t\t\t<\/div>\n\t\t\t\t<section class=\"elementor-section elementor-inner-section elementor-element elementor-element-a76d3d7 elementor-section-boxed elementor-section-height-default elementor-section-height-default\" data-id=\"a76d3d7\" data-element_type=\"section\" data-e-type=\"section\">\n\t\t\t\t\t\t<div class=\"elementor-container elementor-column-gap-default\">\n\t\t\t\t\t<div class=\"elementor-column elementor-col-100 elementor-inner-column elementor-element elementor-element-c8f8329\" data-id=\"c8f8329\" data-element_type=\"column\" data-e-type=\"column\" data-settings=\"{&quot;background_background&quot;:&quot;classic&quot;}\">\n\t\t\t<div class=\"elementor-widget-wrap elementor-element-populated\">\n\t\t\t\t\t\t<div class=\"elementor-element elementor-element-a21a459 elementor-widget elementor-widget-heading\" data-id=\"a21a459\" data-element_type=\"widget\" data-e-type=\"widget\" data-widget_type=\"heading.default\">\n\t\t\t\t<div class=\"elementor-widget-container\">\n\t\t\t\t\t<h2 class=\"elementor-heading-title elementor-size-default\"><a href=\"#elementor-action%3Aaction%3Dpopup%3Aopen%26settings%3DeyJpZCI6IjE4NTkiLCJ0b2dnbGUiOmZhbHNlfQ%3D%3D\">H\u00e4r tar du kontakt<\/a><\/h2>\t\t\t\t<\/div>\n\t\t\t\t<\/div>\n\t\t\t\t\t<\/div>\n\t\t<\/div>\n\t\t\t\t\t<\/div>\n\t\t<\/section>\n\t\t\t\t\t<\/div>\n\t\t<\/div>\n\t\t\t\t\t<\/div>\n\t\t<\/section>\n\t\t\t\t<\/div>","protected":false},"excerpt":{"rendered":"<p>Par Utmaningar i parrelationer Relationer \u00e4r det viktigaste och sv\u00e5raste som finns. Att tv\u00e5 personer med olika bakgrunder och olika personligheter ska dela livet och komma \u00f6verens, \u00e4r b\u00e5de en stor gl\u00e4dje och en utmaning.Ibland kan det beh\u00f6vas en tredje part som kan se med nya \u00f6gon och h\u00f6ra med nya \u00f6ron,p\u00e5 hinder eller problem [&hellip;]<\/p>\n","protected":false},"author":1,"featured_media":0,"parent":173,"menu_order":0,"comment_status":"closed","ping_status":"closed","template":"","meta":{"footnotes":""},"class_list":["post-1341","page","type-page","status-publish","hentry"],"yoast_head":"<!-- This site is optimized with the Yoast SEO plugin v27.3 - https:\/\/yoast.com\/product\/yoast-seo-wordpress\/ -->\n<title>Par - Beliva<\/title>\n<meta name=\"description\" content=\"Att investera i sin relation som par kan visa sig vara n\u00e5got av det viktigaste, f\u00f6r det p\u00e5verkar s\u00e5 mycket av tillvaron\" \/>\n<meta name=\"robots\" content=\"index, follow, max-snippet:-1, max-image-preview:large, max-video-preview:-1\" \/>\n<link rel=\"canonical\" href=\"https:\/\/beliva.se\/en\/lillemor-ivansson\/par\/\" \/>\n<meta property=\"og:locale\" content=\"en_US\" \/>\n<meta property=\"og:type\" content=\"article\" \/>\n<meta property=\"og:title\" content=\"Par - Beliva\" \/>\n<meta property=\"og:description\" content=\"Att investera i sin relation som par kan visa sig vara n\u00e5got av det viktigaste, f\u00f6r det p\u00e5verkar s\u00e5 mycket av tillvaron\" \/>\n<meta property=\"og:url\" content=\"https:\/\/beliva.se\/en\/lillemor-ivansson\/par\/\" \/>\n<meta property=\"og:site_name\" content=\"Beliva\" \/>\n<meta property=\"article:publisher\" content=\"https:\/\/www.facebook.com\/beliva.se\/\" \/>\n<meta property=\"article:modified_time\" content=\"2024-06-14T09:08:39+00:00\" \/>\n<meta name=\"twitter:card\" content=\"summary_large_image\" \/>\n<meta name=\"twitter:label1\" content=\"Est. reading time\" \/>\n\t<meta name=\"twitter:data1\" content=\"2 minutes\" \/>\n<script type=\"application\/ld+json\" class=\"yoast-schema-graph\">{\"@context\":\"https:\\\/\\\/schema.org\",\"@graph\":[{\"@type\":\"WebPage\",\"@id\":\"https:\\\/\\\/beliva.se\\\/lillemor-ivansson\\\/par\\\/\",\"url\":\"https:\\\/\\\/beliva.se\\\/lillemor-ivansson\\\/par\\\/\",\"name\":\"Par - Beliva\",\"isPartOf\":{\"@id\":\"https:\\\/\\\/beliva.se\\\/#website\"},\"datePublished\":\"2023-07-29T08:38:10+00:00\",\"dateModified\":\"2024-06-14T09:08:39+00:00\",\"description\":\"Att investera i sin relation som par kan visa sig vara n\u00e5got av det viktigaste, f\u00f6r det p\u00e5verkar s\u00e5 mycket av tillvaron\",\"breadcrumb\":{\"@id\":\"https:\\\/\\\/beliva.se\\\/lillemor-ivansson\\\/par\\\/#breadcrumb\"},\"inLanguage\":\"en-US\",\"potentialAction\":[{\"@type\":\"ReadAction\",\"target\":[\"https:\\\/\\\/beliva.se\\\/lillemor-ivansson\\\/par\\\/\"]}]},{\"@type\":\"BreadcrumbList\",\"@id\":\"https:\\\/\\\/beliva.se\\\/lillemor-ivansson\\\/par\\\/#breadcrumb\",\"itemListElement\":[{\"@type\":\"ListItem\",\"position\":1,\"name\":\"Hem\",\"item\":\"https:\\\/\\\/beliva.se\\\/\"},{\"@type\":\"ListItem\",\"position\":2,\"name\":\"Lillemor Ivansson\",\"item\":\"https:\\\/\\\/beliva.se\\\/lillemor-ivansson\\\/\"},{\"@type\":\"ListItem\",\"position\":3,\"name\":\"Par\"}]},{\"@type\":\"WebSite\",\"@id\":\"https:\\\/\\\/beliva.se\\\/#website\",\"url\":\"https:\\\/\\\/beliva.se\\\/\",\"name\":\"Beliva\",\"description\":\"\",\"publisher\":{\"@id\":\"https:\\\/\\\/beliva.se\\\/#organization\"},\"potentialAction\":[{\"@type\":\"SearchAction\",\"target\":{\"@type\":\"EntryPoint\",\"urlTemplate\":\"https:\\\/\\\/beliva.se\\\/?s={search_term_string}\"},\"query-input\":{\"@type\":\"PropertyValueSpecification\",\"valueRequired\":true,\"valueName\":\"search_term_string\"}}],\"inLanguage\":\"en-US\"},{\"@type\":\"Organization\",\"@id\":\"https:\\\/\\\/beliva.se\\\/#organization\",\"name\":\"Beliva\",\"url\":\"https:\\\/\\\/beliva.se\\\/\",\"logo\":{\"@type\":\"ImageObject\",\"inLanguage\":\"en-US\",\"@id\":\"https:\\\/\\\/beliva.se\\\/#\\\/schema\\\/logo\\\/image\\\/\",\"url\":\"https:\\/\\/beliva.se\\/wp-content\\/uploads\\/2023\\/06\\/beliva-logo-namn.png\",\"contentUrl\":\"https:\\/\\/beliva.se\\/wp-content\\/uploads\\/2023\\/06\\/beliva-logo-namn.png\",\"width\":199,\"height\":100,\"caption\":\"Beliva\"},\"image\":{\"@id\":\"https:\\\/\\\/beliva.se\\\/#\\\/schema\\\/logo\\\/image\\\/\"},\"sameAs\":[\"https:\\\/\\\/www.facebook.com\\\/beliva.se\\\/\",\"https:\\\/\\\/www.instagram.com\\\/beliva.se\\\/\"]}]}<\/script>\n<!-- \/ Yoast SEO plugin. -->","yoast_head_json":{"title":"Par - Beliva","description":"Att investera i sin relation som par kan visa sig vara n\u00e5got av det viktigaste, f\u00f6r det p\u00e5verkar s\u00e5 mycket av tillvaron","robots":{"index":"index","follow":"follow","max-snippet":"max-snippet:-1","max-image-preview":"max-image-preview:large","max-video-preview":"max-video-preview:-1"},"canonical":"https:\/\/beliva.se\/en\/lillemor-ivansson\/par\/","og_locale":"en_US","og_type":"article","og_title":"Par - Beliva","og_description":"Att investera i sin relation som par kan visa sig vara n\u00e5got av det viktigaste, f\u00f6r det p\u00e5verkar s\u00e5 mycket av tillvaron","og_url":"https:\/\/beliva.se\/en\/lillemor-ivansson\/par\/","og_site_name":"Beliva","article_publisher":"https:\/\/www.facebook.com\/beliva.se\/","article_modified_time":"2024-06-14T09:08:39+00:00","twitter_card":"summary_large_image","twitter_misc":{"Est. reading time":"2 minutes"},"schema":{"@context":"https:\/\/schema.org","@graph":[{"@type":"WebPage","@id":"https:\/\/beliva.se\/lillemor-ivansson\/par\/","url":"https:\/\/beliva.se\/lillemor-ivansson\/par\/","name":"Par - Beliva","isPartOf":{"@id":"https:\/\/beliva.se\/#website"},"datePublished":"2023-07-29T08:38:10+00:00","dateModified":"2024-06-14T09:08:39+00:00","description":"Att investera i sin relation som par kan visa sig vara n\u00e5got av det viktigaste, f\u00f6r det p\u00e5verkar s\u00e5 mycket av tillvaron","breadcrumb":{"@id":"https:\/\/beliva.se\/lillemor-ivansson\/par\/#breadcrumb"},"inLanguage":"en-US","potentialAction":[{"@type":"ReadAction","target":["https:\/\/beliva.se\/lillemor-ivansson\/par\/"]}]},{"@type":"BreadcrumbList","@id":"https:\/\/beliva.se\/lillemor-ivansson\/par\/#breadcrumb","itemListElement":[{"@type":"ListItem","position":1,"name":"Hem","item":"https:\/\/beliva.se\/"},{"@type":"ListItem","position":2,"name":"Lillemor Ivansson","item":"https:\/\/beliva.se\/lillemor-ivansson\/"},{"@type":"ListItem","position":3,"name":"Par"}]},{"@type":"WebSite","@id":"https:\/\/beliva.se\/#website","url":"https:\/\/beliva.se\/","name":"Beliva","description":"","publisher":{"@id":"https:\/\/beliva.se\/#organization"},"potentialAction":[{"@type":"SearchAction","target":{"@type":"EntryPoint","urlTemplate":"https:\/\/beliva.se\/?s={search_term_string}"},"query-input":{"@type":"PropertyValueSpecification","valueRequired":true,"valueName":"search_term_string"}}],"inLanguage":"en-US"},{"@type":"Organization","@id":"https:\/\/beliva.se\/#organization","name":"Beliva","url":"https:\/\/beliva.se\/","logo":{"@type":"ImageObject","inLanguage":"en-US","@id":"https:\/\/beliva.se\/#\/schema\/logo\/image\/","url":"https:\/\/mlxqgjifrh8c.i.optimole.com\/cb:Obny.c042\/w:auto\/h:auto\/q:mauto\/f:best\/https:\/\/beliva.se\/wp-content\/uploads\/2023\/06\/beliva-logo-namn.png","contentUrl":"https:\/\/mlxqgjifrh8c.i.optimole.com\/cb:Obny.c042\/w:auto\/h:auto\/q:mauto\/f:best\/https:\/\/beliva.se\/wp-content\/uploads\/2023\/06\/beliva-logo-namn.png","width":199,"height":100,"caption":"Beliva"},"image":{"@id":"https:\/\/beliva.se\/#\/schema\/logo\/image\/"},"sameAs":["https:\/\/www.facebook.com\/beliva.se\/","https:\/\/www.instagram.com\/beliva.se\/"]}]}},"_links":{"self":[{"href":"https:\/\/beliva.se\/en\/wp-json\/wp\/v2\/pages\/1341","targetHints":{"allow":["GET"]}}],"collection":[{"href":"https:\/\/beliva.se\/en\/wp-json\/wp\/v2\/pages"}],"about":[{"href":"https:\/\/beliva.se\/en\/wp-json\/wp\/v2\/types\/page"}],"author":[{"embeddable":true,"href":"https:\/\/beliva.se\/en\/wp-json\/wp\/v2\/users\/1"}],"replies":[{"embeddable":true,"href":"https:\/\/beliva.se\/en\/wp-json\/wp\/v2\/comments?post=1341"}],"version-history":[{"count":5,"href":"https:\/\/beliva.se\/en\/wp-json\/wp\/v2\/pages\/1341\/revisions"}],"predecessor-version":[{"id":2568,"href":"https:\/\/beliva.se\/en\/wp-json\/wp\/v2\/pages\/1341\/revisions\/2568"}],"up":[{"embeddable":true,"href":"https:\/\/beliva.se\/en\/wp-json\/wp\/v2\/pages\/173"}],"wp:attachment":[{"href":"https:\/\/beliva.se\/en\/wp-json\/wp\/v2\/media?parent=1341"}],"curies":[{"name":"wp","href":"https:\/\/api.w.org\/{rel}","templated":true}]}}