{"id":1349,"date":"2023-07-29T08:51:17","date_gmt":"2023-07-29T08:51:17","guid":{"rendered":"https:\/\/beliva.se\/?page_id=1349"},"modified":"2024-06-14T09:07:29","modified_gmt":"2024-06-14T09:07:29","slug":"nar-passar-cocahing","status":"publish","type":"page","link":"https:\/\/beliva.se\/en\/lillemor-ivansson\/nar-passar-cocahing\/","title":{"rendered":"When is coaching appropriate?"},"content":{"rendered":"<div data-elementor-type=\"wp-page\" data-elementor-id=\"1349\" class=\"elementor elementor-1349\" data-elementor-post-type=\"page\">\n\t\t\t\t\t\t<section class=\"elementor-section elementor-top-section elementor-element elementor-element-35b78a69 elementor-section-full_width elementor-section-height-min-height elementor-section-items-stretch elementor-section-content-bottom elementor-section-height-default\" data-id=\"35b78a69\" data-element_type=\"section\" data-e-type=\"section\">\n\t\t\t\t\t\t<div class=\"elementor-container elementor-column-gap-no\">\n\t\t\t\t\t<div class=\"elementor-column elementor-col-100 elementor-top-column elementor-element elementor-element-3264e26f\" data-id=\"3264e26f\" data-element_type=\"column\" data-e-type=\"column\" data-settings=\"{&quot;background_background&quot;:&quot;classic&quot;}\">\n\t\t\t<div class=\"elementor-widget-wrap elementor-element-populated\">\n\t\t\t\t\t\t<div class=\"elementor-element elementor-element-304904b1 elementor-widget elementor-widget-heading\" data-id=\"304904b1\" data-element_type=\"widget\" data-e-type=\"widget\" data-widget_type=\"heading.default\">\n\t\t\t\t<div class=\"elementor-widget-container\">\n\t\t\t\t\t<h2 class=\"elementor-heading-title elementor-size-default\">When is coaching appropriate?<\/h2>\t\t\t\t<\/div>\n\t\t\t\t<\/div>\n\t\t\t\t<div class=\"elementor-element elementor-element-19b2a9ff elementor-hidden-desktop elementor-view-default elementor-widget elementor-widget-icon\" data-id=\"19b2a9ff\" data-element_type=\"widget\" data-e-type=\"widget\" data-widget_type=\"icon.default\">\n\t\t\t\t<div class=\"elementor-widget-container\">\n\t\t\t\t\t\t\t<div class=\"elementor-icon-wrapper\">\n\t\t\t<a class=\"elementor-icon\" href=\"#elementor-action%3Aaction%3Dpopup%3Aopen%26settings%3DeyJpZCI6IjE3NDEiLCJ0b2dnbGUiOmZhbHNlfQ%3D%3D\">\n\t\t\t<i aria-hidden=\"true\" class=\"icon icon-burger-menu\"><\/i>\t\t\t<\/a>\n\t\t<\/div>\n\t\t\t\t\t\t<\/div>\n\t\t\t\t<\/div>\n\t\t\t\t<div class=\"elementor-element elementor-element-1b4f9620 elementor-nav-menu__align-center elementor-hidden-tablet elementor-hidden-mobile elementor-nav-menu--dropdown-tablet elementor-nav-menu__text-align-aside elementor-nav-menu--toggle elementor-nav-menu--burger elementor-widget elementor-widget-nav-menu\" data-id=\"1b4f9620\" data-element_type=\"widget\" data-e-type=\"widget\" data-settings=\"{&quot;layout&quot;:&quot;horizontal&quot;,&quot;submenu_icon&quot;:{&quot;value&quot;:&quot;&lt;i class=\\&quot;fas fa-caret-down\\&quot; aria-hidden=\\&quot;true\\&quot;&gt;&lt;\\\/i&gt;&quot;,&quot;library&quot;:&quot;fa-solid&quot;},&quot;toggle&quot;:&quot;burger&quot;}\" data-widget_type=\"nav-menu.default\">\n\t\t\t\t<div class=\"elementor-widget-container\">\n\t\t\t\t\t\t\t\t<nav aria-label=\"Menu\" class=\"elementor-nav-menu--main elementor-nav-menu__container elementor-nav-menu--layout-horizontal e--pointer-underline e--animation-fade\">\n\t\t\t\t<ul id=\"menu-1-1b4f9620\" class=\"elementor-nav-menu\"><li class=\"menu-item menu-item-type-post_type menu-item-object-page menu-item-1367\"><a href=\"https:\/\/beliva.se\/en\/lillemor-ivansson\/\" class=\"elementor-item\">About me<\/a><\/li>\n<li class=\"menu-item menu-item-type-custom menu-item-object-custom menu-item-has-children menu-item-1368\"><a href=\"#\" class=\"elementor-item elementor-item-anchor\">Services<\/a>\n<ul class=\"sub-menu elementor-nav-menu--dropdown\">\n\t<li class=\"menu-item menu-item-type-post_type menu-item-object-page menu-item-1366\"><a href=\"https:\/\/beliva.se\/en\/lillemor-ivansson\/enskilda-samtal\/\" class=\"elementor-sub-item\">Individual counseling<\/a><\/li>\n\t<li class=\"menu-item menu-item-type-post_type menu-item-object-page menu-item-1365\"><a href=\"https:\/\/beliva.se\/en\/lillemor-ivansson\/par\/\" class=\"elementor-sub-item\">Couples<\/a><\/li>\n<\/ul>\n<\/li>\n<li class=\"menu-item menu-item-type-post_type menu-item-object-page menu-item-1364\"><a href=\"https:\/\/beliva.se\/en\/lillemor-ivansson\/om-coaching\/\" class=\"elementor-item\">About coaching<\/a><\/li>\n<li class=\"menu-item menu-item-type-post_type menu-item-object-page menu-item-1363\"><a href=\"https:\/\/beliva.se\/en\/lillemor-ivansson\/nar-passar-cocahing\/\" class=\"elementor-item\">When is coaching appropriate?<\/a><\/li>\n<\/ul>\t\t\t<\/nav>\n\t\t\t\t\t<div class=\"elementor-menu-toggle\" role=\"button\" tabindex=\"0\" aria-label=\"Menu Toggle\" aria-expanded=\"false\">\n\t\t\t<i aria-hidden=\"true\" role=\"presentation\" class=\"elementor-menu-toggle__icon--open eicon-menu-bar\"><\/i><i aria-hidden=\"true\" role=\"presentation\" class=\"elementor-menu-toggle__icon--close eicon-close\"><\/i>\t\t<\/div>\n\t\t\t\t\t<nav class=\"elementor-nav-menu--dropdown elementor-nav-menu__container\" aria-hidden=\"true\">\n\t\t\t\t<ul id=\"menu-2-1b4f9620\" class=\"elementor-nav-menu\"><li class=\"menu-item menu-item-type-post_type menu-item-object-page menu-item-1367\"><a href=\"https:\/\/beliva.se\/en\/lillemor-ivansson\/\" class=\"elementor-item\" tabindex=\"-1\">About me<\/a><\/li>\n<li class=\"menu-item menu-item-type-custom menu-item-object-custom menu-item-has-children menu-item-1368\"><a href=\"#\" class=\"elementor-item elementor-item-anchor\" tabindex=\"-1\">Services<\/a>\n<ul class=\"sub-menu elementor-nav-menu--dropdown\">\n\t<li class=\"menu-item menu-item-type-post_type menu-item-object-page menu-item-1366\"><a href=\"https:\/\/beliva.se\/en\/lillemor-ivansson\/enskilda-samtal\/\" class=\"elementor-sub-item\" tabindex=\"-1\">Individual counseling<\/a><\/li>\n\t<li class=\"menu-item menu-item-type-post_type menu-item-object-page menu-item-1365\"><a href=\"https:\/\/beliva.se\/en\/lillemor-ivansson\/par\/\" class=\"elementor-sub-item\" tabindex=\"-1\">Couples<\/a><\/li>\n<\/ul>\n<\/li>\n<li class=\"menu-item menu-item-type-post_type menu-item-object-page menu-item-1364\"><a href=\"https:\/\/beliva.se\/en\/lillemor-ivansson\/om-coaching\/\" class=\"elementor-item\" tabindex=\"-1\">About coaching<\/a><\/li>\n<li class=\"menu-item menu-item-type-post_type menu-item-object-page menu-item-1363\"><a href=\"https:\/\/beliva.se\/en\/lillemor-ivansson\/nar-passar-cocahing\/\" class=\"elementor-item\" tabindex=\"-1\">When is coaching appropriate?<\/a><\/li>\n<\/ul>\t\t\t<\/nav>\n\t\t\t\t\t\t<\/div>\n\t\t\t\t<\/div>\n\t\t\t\t\t<\/div>\n\t\t<\/div>\n\t\t\t\t\t<\/div>\n\t\t<\/section>\n\t\t\t\t<section class=\"elementor-section elementor-top-section elementor-element elementor-element-7688c1e6 elementor-section-boxed elementor-section-height-default elementor-section-height-default elementor-invisible\" data-id=\"7688c1e6\" data-element_type=\"section\" data-e-type=\"section\" data-settings=\"{&quot;animation&quot;:&quot;fadeInUp&quot;}\">\n\t\t\t\t\t\t<div class=\"elementor-container elementor-column-gap-default\">\n\t\t\t\t\t<div class=\"elementor-column elementor-col-100 elementor-top-column elementor-element elementor-element-729ae06\" data-id=\"729ae06\" data-element_type=\"column\" data-e-type=\"column\">\n\t\t\t<div class=\"elementor-widget-wrap elementor-element-populated\">\n\t\t\t\t\t\t<div class=\"elementor-element elementor-element-1a60c38c elementor-widget elementor-widget-heading\" data-id=\"1a60c38c\" data-element_type=\"widget\" data-e-type=\"widget\" data-widget_type=\"heading.default\">\n\t\t\t\t<div class=\"elementor-widget-container\">\n\t\t\t\t\t<h2 class=\"elementor-heading-title elementor-size-default\">Coaching passar n\u00e4r du \u00e4r redo f\u00f6r f\u00f6r\u00e4ndring<\/h2>\t\t\t\t<\/div>\n\t\t\t\t<\/div>\n\t\t\t\t<div class=\"elementor-element elementor-element-2f31f97e elementor-widget elementor-widget-text-editor\" data-id=\"2f31f97e\" data-element_type=\"widget\" data-e-type=\"widget\" data-widget_type=\"text-editor.default\">\n\t\t\t\t<div class=\"elementor-widget-container\">\n\t\t\t\t\t\t\t\t\t<p>N\u00e4r du vill \u00e4ndra saker i ditt sammanhang kommer du att ha stor nytta av en coach.\u00a0Det kan g\u00e4lla din ekonomi, ditt arbete, dina relationer, din h\u00e4lsa eller fritidsintresse.\u00a0Du kan ha \u00f6nskningar, dr\u00f6mmar eller m\u00e5l som du upplever sv\u00e5ra att f\u00f6rverkliga p\u00e5 egen hand. Du kanske upplever att du fastnat i negativa tankem\u00f6nster och inte kommer vidare.<br \/><br \/><strong><span style=\"font-size: large;\">Genom coaching f\u00e5r du insikt om beteenden som p\u00e5verkar och har p\u00e5verkat ditt liv.<\/span><span style=\"font-size: x-large;\">\u00a0<\/span><\/strong><br \/>Coaching leder ofta till omedelbara resultat l\u00f6pande genom samtalen och p\u00e5verkar din omgivning. \u00c4ven sm\u00e5 f\u00f6r\u00e4ndringar kan ge m\u00e5nga goda f\u00f6ljdeffekter. Det kan verkligen l\u00f6na sig stort att investera i sig sj\u00e4lv \u2013 b\u00e5de i tid, kunskap och pengar.\u00a0<\/p>\t\t\t\t\t\t\t\t<\/div>\n\t\t\t\t<\/div>\n\t\t\t\t<div class=\"elementor-element elementor-element-28b651e2 elementor-widget elementor-widget-text-editor\" data-id=\"28b651e2\" data-element_type=\"widget\" data-e-type=\"widget\" data-widget_type=\"text-editor.default\">\n\t\t\t\t<div class=\"elementor-widget-container\">\n\t\t\t\t\t\t\t\t\t<p><strong>Coachande samtal g\u00f6r positiv skillnad t.ex. n\u00e4r du vill:<\/strong><\/p>\t\t\t\t\t\t\t\t<\/div>\n\t\t\t\t<\/div>\n\t\t\t\t<div class=\"elementor-element elementor-element-b6a4048 elementor-icon-list--layout-traditional elementor-list-item-link-full_width elementor-widget elementor-widget-icon-list\" data-id=\"b6a4048\" data-element_type=\"widget\" data-e-type=\"widget\" data-widget_type=\"icon-list.default\">\n\t\t\t\t<div class=\"elementor-widget-container\">\n\t\t\t\t\t\t\t<ul class=\"elementor-icon-list-items\">\n\t\t\t\t\t\t\t<li class=\"elementor-icon-list-item\">\n\t\t\t\t\t\t\t\t\t\t\t<span class=\"elementor-icon-list-icon\">\n\t\t\t\t\t\t\t<i aria-hidden=\"true\" class=\"far fa-circle\"><\/i>\t\t\t\t\t\t<\/span>\n\t\t\t\t\t\t\t\t\t\t<span class=\"elementor-icon-list-text\">Tydligg\u00f6ra dina m\u00e5l och f\u00e5 verktyg att n\u00e5 dem<\/span>\n\t\t\t\t\t\t\t\t\t<\/li>\n\t\t\t\t\t\t\t\t<li class=\"elementor-icon-list-item\">\n\t\t\t\t\t\t\t\t\t\t\t<span class=\"elementor-icon-list-icon\">\n\t\t\t\t\t\t\t<i aria-hidden=\"true\" class=\"far fa-circle\"><\/i>\t\t\t\t\t\t<\/span>\n\t\t\t\t\t\t\t\t\t\t<span class=\"elementor-icon-list-text\">Skapa en f\u00f6r\u00e4ndring i din situation<\/span>\n\t\t\t\t\t\t\t\t\t<\/li>\n\t\t\t\t\t\t\t\t<li class=\"elementor-icon-list-item\">\n\t\t\t\t\t\t\t\t\t\t\t<span class=\"elementor-icon-list-icon\">\n\t\t\t\t\t\t\t<i aria-hidden=\"true\" class=\"far fa-circle\"><\/i>\t\t\t\t\t\t<\/span>\n\t\t\t\t\t\t\t\t\t\t<span class=\"elementor-icon-list-text\">F\u00e5 hj\u00e4lp med att hantera problem eller sv\u00e5ra uppdrag och situationer<\/span>\n\t\t\t\t\t\t\t\t\t<\/li>\n\t\t\t\t\t\t\t\t<li class=\"elementor-icon-list-item\">\n\t\t\t\t\t\t\t\t\t\t\t<span class=\"elementor-icon-list-icon\">\n\t\t\t\t\t\t\t<i aria-hidden=\"true\" class=\"far fa-circle\"><\/i>\t\t\t\t\t\t<\/span>\n\t\t\t\t\t\t\t\t\t\t<span class=\"elementor-icon-list-text\">St\u00e4rka din sj\u00e4lvk\u00e4nsla och utveckla dina styrkor och din kreativitet<\/span>\n\t\t\t\t\t\t\t\t\t<\/li>\n\t\t\t\t\t\t\t\t<li class=\"elementor-icon-list-item\">\n\t\t\t\t\t\t\t\t\t\t\t<span class=\"elementor-icon-list-icon\">\n\t\t\t\t\t\t\t<i aria-hidden=\"true\" class=\"far fa-circle\"><\/i>\t\t\t\t\t\t<\/span>\n\t\t\t\t\t\t\t\t\t\t<span class=\"elementor-icon-list-text\">Ta ansvar f\u00f6r din h\u00e4lsa<\/span>\n\t\t\t\t\t\t\t\t\t<\/li>\n\t\t\t\t\t\t\t\t<li class=\"elementor-icon-list-item\">\n\t\t\t\t\t\t\t\t\t\t\t<span class=\"elementor-icon-list-icon\">\n\t\t\t\t\t\t\t<i aria-hidden=\"true\" class=\"far fa-circle\"><\/i>\t\t\t\t\t\t<\/span>\n\t\t\t\t\t\t\t\t\t\t<span class=\"elementor-icon-list-text\">Uppt\u00e4cka dina drivkrafter, ideal och v\u00e4rderingar<\/span>\n\t\t\t\t\t\t\t\t\t<\/li>\n\t\t\t\t\t\t<\/ul>\n\t\t\t\t\t\t<\/div>\n\t\t\t\t<\/div>\n\t\t\t\t<div class=\"elementor-element elementor-element-2aa4f679 elementor-blockquote--skin-quotation elementor-widget elementor-widget-blockquote\" data-id=\"2aa4f679\" data-element_type=\"widget\" data-e-type=\"widget\" data-widget_type=\"blockquote.default\">\n\t\t\t\t<div class=\"elementor-widget-container\">\n\t\t\t\t\t\t\t<blockquote class=\"elementor-blockquote\">\n\t\t\t<p class=\"elementor-blockquote__content\">\n\t\t\t\tAtt bli coachad har hj\u00e4lpt mig som person \u2013 b\u00e5de privat och professionellt. Jag har f\u00e5tt st\u00f6rre f\u00f6rst\u00e5else f\u00f6r hur jag fungerar och vad jag kan beh\u00f6va g\u00f6ra fram\u00f6ver f\u00f6r att m\u00e5 och fungera bra.\/Gabriella\t\t\t<\/p>\n\t\t\t\t\t<\/blockquote>\n\t\t\t\t\t\t<\/div>\n\t\t\t\t<\/div>\n\t\t\t\t<div class=\"elementor-element elementor-element-5e73c66f elementor-widget elementor-widget-text-editor\" data-id=\"5e73c66f\" data-element_type=\"widget\" data-e-type=\"widget\" data-widget_type=\"text-editor.default\">\n\t\t\t\t<div class=\"elementor-widget-container\">\n\t\t\t\t\t\t\t\t\t<p>Har du best\u00e4mt dig?<br \/>H\u00f6r av dig!<\/p>\t\t\t\t\t\t\t\t<\/div>\n\t\t\t\t<\/div>\n\t\t\t\t<section class=\"elementor-section elementor-inner-section elementor-element elementor-element-5087a9bf elementor-section-boxed elementor-section-height-default elementor-section-height-default\" data-id=\"5087a9bf\" data-element_type=\"section\" data-e-type=\"section\">\n\t\t\t\t\t\t<div class=\"elementor-container elementor-column-gap-default\">\n\t\t\t\t\t<div class=\"elementor-column elementor-col-100 elementor-inner-column elementor-element elementor-element-3f6e4e6c\" data-id=\"3f6e4e6c\" data-element_type=\"column\" data-e-type=\"column\" data-settings=\"{&quot;background_background&quot;:&quot;classic&quot;}\">\n\t\t\t<div class=\"elementor-widget-wrap elementor-element-populated\">\n\t\t\t\t\t\t<div class=\"elementor-element elementor-element-405e5354 elementor-widget elementor-widget-heading\" data-id=\"405e5354\" data-element_type=\"widget\" data-e-type=\"widget\" data-widget_type=\"heading.default\">\n\t\t\t\t<div class=\"elementor-widget-container\">\n\t\t\t\t\t<h2 class=\"elementor-heading-title elementor-size-default\"><a href=\"#elementor-action%3Aaction%3Dpopup%3Aopen%26settings%3DeyJpZCI6IjE4NTkiLCJ0b2dnbGUiOmZhbHNlfQ%3D%3D\">H\u00e4r tar du kontakt<\/a><\/h2>\t\t\t\t<\/div>\n\t\t\t\t<\/div>\n\t\t\t\t\t<\/div>\n\t\t<\/div>\n\t\t\t\t\t<\/div>\n\t\t<\/section>\n\t\t\t\t\t<\/div>\n\t\t<\/div>\n\t\t\t\t\t<\/div>\n\t\t<\/section>\n\t\t\t\t<section class=\"elementor-section elementor-top-section elementor-element elementor-element-633ef26 elementor-section-boxed elementor-section-height-default elementor-section-height-default elementor-invisible\" data-id=\"633ef26\" data-element_type=\"section\" data-e-type=\"section\" data-settings=\"{&quot;animation&quot;:&quot;fadeInUp&quot;}\">\n\t\t\t\t\t\t<div class=\"elementor-container elementor-column-gap-default\">\n\t\t\t\t\t<div class=\"elementor-column elementor-col-100 elementor-top-column elementor-element elementor-element-0bb41c9\" data-id=\"0bb41c9\" data-element_type=\"column\" data-e-type=\"column\">\n\t\t\t<div class=\"elementor-widget-wrap elementor-element-populated\">\n\t\t\t\t\t\t<div class=\"elementor-element elementor-element-0f2172c elementor-widget elementor-widget-text-editor\" data-id=\"0f2172c\" data-element_type=\"widget\" data-e-type=\"widget\" data-widget_type=\"text-editor.default\">\n\t\t\t\t<div class=\"elementor-widget-container\">\n\t\t\t\t\t\t\t\t\t<p>H\u00e4r ser du ett kort klipp som humoristiskt beskriver f\u00f6reteelsen coaching:<\/p>\t\t\t\t\t\t\t\t<\/div>\n\t\t\t\t<\/div>\n\t\t\t\t<div class=\"elementor-element elementor-element-5a126a5 elementor-widget elementor-widget-video\" data-id=\"5a126a5\" data-element_type=\"widget\" data-e-type=\"widget\" data-settings=\"{&quot;youtube_url&quot;:&quot;https:\\\/\\\/www.youtube.com\\\/watch?v=Esh75mbmucY&quot;,&quot;yt_privacy&quot;:&quot;yes&quot;,&quot;video_type&quot;:&quot;youtube&quot;,&quot;controls&quot;:&quot;yes&quot;}\" data-widget_type=\"video.default\">\n\t\t\t\t<div class=\"elementor-widget-container\">\n\t\t\t\t\t\t\t<div class=\"elementor-wrapper elementor-open-inline\">\n\t\t\t<div class=\"elementor-video\"><\/div>\t\t<\/div>\n\t\t\t\t\t\t<\/div>\n\t\t\t\t<\/div>\n\t\t\t\t\t<\/div>\n\t\t<\/div>\n\t\t\t\t\t<\/div>\n\t\t<\/section>\n\t\t\t\t<\/div>","protected":false},"excerpt":{"rendered":"<p>N\u00e4r passar coaching? Coaching passar n\u00e4r du \u00e4r redo f\u00f6r f\u00f6r\u00e4ndring N\u00e4r du vill \u00e4ndra saker i ditt sammanhang kommer du att ha stor nytta av en coach.\u00a0Det kan g\u00e4lla din ekonomi, ditt arbete, dina relationer, din h\u00e4lsa eller fritidsintresse.\u00a0Du kan ha \u00f6nskningar, dr\u00f6mmar eller m\u00e5l som du upplever sv\u00e5ra att f\u00f6rverkliga p\u00e5 egen hand. [&hellip;]<\/p>\n","protected":false},"author":1,"featured_media":0,"parent":173,"menu_order":0,"comment_status":"closed","ping_status":"closed","template":"","meta":{"footnotes":""},"class_list":["post-1349","page","type-page","status-publish","hentry"],"yoast_head":"<!-- This site is optimized with the Yoast SEO plugin v27.3 - https:\/\/yoast.com\/product\/yoast-seo-wordpress\/ -->\n<title>N\u00e4r passar coaching? - Beliva<\/title>\n<meta name=\"description\" content=\"N\u00e4r du vill \u00e4ndra i ditt sammanhang kommer du att ha stor nytta av en coach - Leder ofta till omedelbara resultat och p\u00e5verkar din omgivning\" \/>\n<meta name=\"robots\" content=\"index, follow, max-snippet:-1, max-image-preview:large, max-video-preview:-1\" \/>\n<link rel=\"canonical\" href=\"https:\/\/beliva.se\/en\/lillemor-ivansson\/nar-passar-cocahing\/\" \/>\n<meta property=\"og:locale\" content=\"en_US\" \/>\n<meta property=\"og:type\" content=\"article\" \/>\n<meta property=\"og:title\" content=\"N\u00e4r passar coaching? - Beliva\" \/>\n<meta property=\"og:description\" content=\"N\u00e4r du vill \u00e4ndra i ditt sammanhang kommer du att ha stor nytta av en coach - Leder ofta till omedelbara resultat och p\u00e5verkar din omgivning\" \/>\n<meta property=\"og:url\" content=\"https:\/\/beliva.se\/en\/lillemor-ivansson\/nar-passar-cocahing\/\" \/>\n<meta property=\"og:site_name\" content=\"Beliva\" \/>\n<meta property=\"article:publisher\" content=\"https:\/\/www.facebook.com\/beliva.se\/\" \/>\n<meta property=\"article:modified_time\" content=\"2024-06-14T09:07:29+00:00\" \/>\n<meta name=\"twitter:card\" content=\"summary_large_image\" \/>\n<meta name=\"twitter:label1\" content=\"Est. reading time\" \/>\n\t<meta name=\"twitter:data1\" content=\"2 minutes\" \/>\n<script type=\"application\/ld+json\" class=\"yoast-schema-graph\">{\"@context\":\"https:\\\/\\\/schema.org\",\"@graph\":[{\"@type\":\"WebPage\",\"@id\":\"https:\\\/\\\/beliva.se\\\/lillemor-ivansson\\\/nar-passar-cocahing\\\/\",\"url\":\"https:\\\/\\\/beliva.se\\\/lillemor-ivansson\\\/nar-passar-cocahing\\\/\",\"name\":\"N\u00e4r passar coaching? - Beliva\",\"isPartOf\":{\"@id\":\"https:\\\/\\\/beliva.se\\\/#website\"},\"datePublished\":\"2023-07-29T08:51:17+00:00\",\"dateModified\":\"2024-06-14T09:07:29+00:00\",\"description\":\"N\u00e4r du vill \u00e4ndra i ditt sammanhang kommer du att ha stor nytta av en coach - Leder ofta till omedelbara resultat och p\u00e5verkar din omgivning\",\"breadcrumb\":{\"@id\":\"https:\\\/\\\/beliva.se\\\/lillemor-ivansson\\\/nar-passar-cocahing\\\/#breadcrumb\"},\"inLanguage\":\"en-US\",\"potentialAction\":[{\"@type\":\"ReadAction\",\"target\":[\"https:\\\/\\\/beliva.se\\\/lillemor-ivansson\\\/nar-passar-cocahing\\\/\"]}]},{\"@type\":\"BreadcrumbList\",\"@id\":\"https:\\\/\\\/beliva.se\\\/lillemor-ivansson\\\/nar-passar-cocahing\\\/#breadcrumb\",\"itemListElement\":[{\"@type\":\"ListItem\",\"position\":1,\"name\":\"Hem\",\"item\":\"https:\\\/\\\/beliva.se\\\/\"},{\"@type\":\"ListItem\",\"position\":2,\"name\":\"Lillemor Ivansson\",\"item\":\"https:\\\/\\\/beliva.se\\\/lillemor-ivansson\\\/\"},{\"@type\":\"ListItem\",\"position\":3,\"name\":\"N\u00e4r passar coaching?\"}]},{\"@type\":\"WebSite\",\"@id\":\"https:\\\/\\\/beliva.se\\\/#website\",\"url\":\"https:\\\/\\\/beliva.se\\\/\",\"name\":\"Beliva\",\"description\":\"\",\"publisher\":{\"@id\":\"https:\\\/\\\/beliva.se\\\/#organization\"},\"potentialAction\":[{\"@type\":\"SearchAction\",\"target\":{\"@type\":\"EntryPoint\",\"urlTemplate\":\"https:\\\/\\\/beliva.se\\\/?s={search_term_string}\"},\"query-input\":{\"@type\":\"PropertyValueSpecification\",\"valueRequired\":true,\"valueName\":\"search_term_string\"}}],\"inLanguage\":\"en-US\"},{\"@type\":\"Organization\",\"@id\":\"https:\\\/\\\/beliva.se\\\/#organization\",\"name\":\"Beliva\",\"url\":\"https:\\\/\\\/beliva.se\\\/\",\"logo\":{\"@type\":\"ImageObject\",\"inLanguage\":\"en-US\",\"@id\":\"https:\\\/\\\/beliva.se\\\/#\\\/schema\\\/logo\\\/image\\\/\",\"url\":\"https:\\/\\/beliva.se\\/wp-content\\/uploads\\/2023\\/06\\/beliva-logo-namn.png\",\"contentUrl\":\"https:\\/\\/beliva.se\\/wp-content\\/uploads\\/2023\\/06\\/beliva-logo-namn.png\",\"width\":199,\"height\":100,\"caption\":\"Beliva\"},\"image\":{\"@id\":\"https:\\\/\\\/beliva.se\\\/#\\\/schema\\\/logo\\\/image\\\/\"},\"sameAs\":[\"https:\\\/\\\/www.facebook.com\\\/beliva.se\\\/\",\"https:\\\/\\\/www.instagram.com\\\/beliva.se\\\/\"]}]}<\/script>\n<!-- \/ Yoast SEO plugin. -->","yoast_head_json":{"title":"N\u00e4r passar coaching? - Beliva","description":"N\u00e4r du vill \u00e4ndra i ditt sammanhang kommer du att ha stor nytta av en coach - Leder ofta till omedelbara resultat och p\u00e5verkar din omgivning","robots":{"index":"index","follow":"follow","max-snippet":"max-snippet:-1","max-image-preview":"max-image-preview:large","max-video-preview":"max-video-preview:-1"},"canonical":"https:\/\/beliva.se\/en\/lillemor-ivansson\/nar-passar-cocahing\/","og_locale":"en_US","og_type":"article","og_title":"N\u00e4r passar coaching? - Beliva","og_description":"N\u00e4r du vill \u00e4ndra i ditt sammanhang kommer du att ha stor nytta av en coach - Leder ofta till omedelbara resultat och p\u00e5verkar din omgivning","og_url":"https:\/\/beliva.se\/en\/lillemor-ivansson\/nar-passar-cocahing\/","og_site_name":"Beliva","article_publisher":"https:\/\/www.facebook.com\/beliva.se\/","article_modified_time":"2024-06-14T09:07:29+00:00","twitter_card":"summary_large_image","twitter_misc":{"Est. reading time":"2 minutes"},"schema":{"@context":"https:\/\/schema.org","@graph":[{"@type":"WebPage","@id":"https:\/\/beliva.se\/lillemor-ivansson\/nar-passar-cocahing\/","url":"https:\/\/beliva.se\/lillemor-ivansson\/nar-passar-cocahing\/","name":"N\u00e4r passar coaching? - Beliva","isPartOf":{"@id":"https:\/\/beliva.se\/#website"},"datePublished":"2023-07-29T08:51:17+00:00","dateModified":"2024-06-14T09:07:29+00:00","description":"N\u00e4r du vill \u00e4ndra i ditt sammanhang kommer du att ha stor nytta av en coach - Leder ofta till omedelbara resultat och p\u00e5verkar din omgivning","breadcrumb":{"@id":"https:\/\/beliva.se\/lillemor-ivansson\/nar-passar-cocahing\/#breadcrumb"},"inLanguage":"en-US","potentialAction":[{"@type":"ReadAction","target":["https:\/\/beliva.se\/lillemor-ivansson\/nar-passar-cocahing\/"]}]},{"@type":"BreadcrumbList","@id":"https:\/\/beliva.se\/lillemor-ivansson\/nar-passar-cocahing\/#breadcrumb","itemListElement":[{"@type":"ListItem","position":1,"name":"Hem","item":"https:\/\/beliva.se\/"},{"@type":"ListItem","position":2,"name":"Lillemor Ivansson","item":"https:\/\/beliva.se\/lillemor-ivansson\/"},{"@type":"ListItem","position":3,"name":"N\u00e4r passar coaching?"}]},{"@type":"WebSite","@id":"https:\/\/beliva.se\/#website","url":"https:\/\/beliva.se\/","name":"Beliva","description":"","publisher":{"@id":"https:\/\/beliva.se\/#organization"},"potentialAction":[{"@type":"SearchAction","target":{"@type":"EntryPoint","urlTemplate":"https:\/\/beliva.se\/?s={search_term_string}"},"query-input":{"@type":"PropertyValueSpecification","valueRequired":true,"valueName":"search_term_string"}}],"inLanguage":"en-US"},{"@type":"Organization","@id":"https:\/\/beliva.se\/#organization","name":"Beliva","url":"https:\/\/beliva.se\/","logo":{"@type":"ImageObject","inLanguage":"en-US","@id":"https:\/\/beliva.se\/#\/schema\/logo\/image\/","url":"https:\/\/mlxqgjifrh8c.i.optimole.com\/cb:Obny.c042\/w:auto\/h:auto\/q:mauto\/f:best\/https:\/\/beliva.se\/wp-content\/uploads\/2023\/06\/beliva-logo-namn.png","contentUrl":"https:\/\/mlxqgjifrh8c.i.optimole.com\/cb:Obny.c042\/w:auto\/h:auto\/q:mauto\/f:best\/https:\/\/beliva.se\/wp-content\/uploads\/2023\/06\/beliva-logo-namn.png","width":199,"height":100,"caption":"Beliva"},"image":{"@id":"https:\/\/beliva.se\/#\/schema\/logo\/image\/"},"sameAs":["https:\/\/www.facebook.com\/beliva.se\/","https:\/\/www.instagram.com\/beliva.se\/"]}]}},"_links":{"self":[{"href":"https:\/\/beliva.se\/en\/wp-json\/wp\/v2\/pages\/1349","targetHints":{"allow":["GET"]}}],"collection":[{"href":"https:\/\/beliva.se\/en\/wp-json\/wp\/v2\/pages"}],"about":[{"href":"https:\/\/beliva.se\/en\/wp-json\/wp\/v2\/types\/page"}],"author":[{"embeddable":true,"href":"https:\/\/beliva.se\/en\/wp-json\/wp\/v2\/users\/1"}],"replies":[{"embeddable":true,"href":"https:\/\/beliva.se\/en\/wp-json\/wp\/v2\/comments?post=1349"}],"version-history":[{"count":5,"href":"https:\/\/beliva.se\/en\/wp-json\/wp\/v2\/pages\/1349\/revisions"}],"predecessor-version":[{"id":2842,"href":"https:\/\/beliva.se\/en\/wp-json\/wp\/v2\/pages\/1349\/revisions\/2842"}],"up":[{"embeddable":true,"href":"https:\/\/beliva.se\/en\/wp-json\/wp\/v2\/pages\/173"}],"wp:attachment":[{"href":"https:\/\/beliva.se\/en\/wp-json\/wp\/v2\/media?parent=1349"}],"curies":[{"name":"wp","href":"https:\/\/api.w.org\/{rel}","templated":true}]}}